{"id":216,"date":"2020-12-17T09:16:41","date_gmt":"2020-12-17T09:16:41","guid":{"rendered":"https:\/\/gaviaspreview.com\/wp\/qempo\/buildings\/"},"modified":"2026-01-13T18:15:35","modified_gmt":"2026-01-13T18:15:35","slug":"usluge","status":"publish","type":"page","link":"https:\/\/lca-analiza.com\/sr\/usluge\/","title":{"rendered":"Usluge"},"content":{"rendered":"<div data-elementor-type=\"wp-page\" data-elementor-id=\"216\" class=\"elementor elementor-216\">\n\t\t\t\t\t\t<section class=\"elementor-section elementor-top-section elementor-element elementor-element-328f4df elementor-section-stretched elementor-section-boxed elementor-section-height-default elementor-section-height-default row-top\" data-id=\"328f4df\" data-element_type=\"section\" data-e-type=\"section\" data-settings=\"{&quot;background_background&quot;:&quot;classic&quot;,&quot;stretch_section&quot;:&quot;section-stretched&quot;}\">\n\t\t\t\t\t\t\t<div class=\"elementor-background-overlay\"><\/div>\n\t\t\t\t\t\t\t<div class=\"elementor-container elementor-column-gap-default\">\n\t\t\t\t\t<div class=\"elementor-column elementor-col-66 elementor-top-column elementor-element elementor-element-f9dad1d column-style-top\" data-id=\"f9dad1d\" data-element_type=\"column\" data-e-type=\"column\">\n\t\t\t<div class=\"elementor-widget-wrap elementor-element-populated\">\n\t\t\t\t\t\t<div class=\"elementor-element elementor-element-747d937 elementor-widget elementor-widget-gva-heading-block\" data-id=\"747d937\" data-element_type=\"widget\" data-e-type=\"widget\" data-widget_type=\"gva-heading-block.default\">\n\t\t\t\t<div class=\"elementor-widget-container\">\n\t\t\t\t\t<div class=\"gva-element-gva-heading-block gva-element\">      <div class=\"align-left style-1 widget gsc-heading box-align-left auto-responsive\">\r\n      <div class=\"content-inner\">\r\n         \r\n                  \r\n                     <div class=\"sub-title\"><span>LINKING MAP<\/span><\/div>\r\n           \r\n         \r\n                     <h2 class=\"title\">\r\n               <span>Li\u010dni treneri za Zelenu tranziciju<\/span>\r\n            <\/h2>\r\n                              <div class=\"title-desc\">Stru\u010dnjaci za LCA analizu i izve\u0161tavanje o odr\u017eivosti. Zajedno radimo na zelenoj i digitalnoj transformaciji kompanija i opremamo organizacije za bezbedno i otporno poslovanje u buduc\u0301nosti. <\/div>\r\n         \r\n         \r\n      <\/div>\r\n   <\/div>\r\n   \r\n    <\/div>\t\t\t\t<\/div>\n\t\t\t\t<\/div>\n\t\t\t\t\t<\/div>\n\t\t<\/div>\n\t\t\t\t<div class=\"elementor-column elementor-col-33 elementor-top-column elementor-element elementor-element-81a4bbe column-style-top\" data-id=\"81a4bbe\" data-element_type=\"column\" data-e-type=\"column\">\n\t\t\t<div class=\"elementor-widget-wrap elementor-element-populated\">\n\t\t\t\t\t\t<div class=\"elementor-element elementor-element-a739400 elementor-widget__width-auto elementor-align-center elementor-widget elementor-widget-button\" data-id=\"a739400\" data-element_type=\"widget\" data-e-type=\"widget\" data-widget_type=\"button.default\">\n\t\t\t\t<div class=\"elementor-widget-container\">\n\t\t\t\t\t\t\t\t\t<div class=\"elementor-button-wrapper\">\n\t\t\t\t\t<a class=\"elementor-button elementor-button-link elementor-size-md\" href=\"https:\/\/lca-analiza.com\/sr\/kontakt\/\" target=\"_blank\">\n\t\t\t\t\t\t<span class=\"elementor-button-content-wrapper\">\n\t\t\t\t\t\t\t\t\t<span class=\"elementor-button-text\">KONTAKT<\/span>\n\t\t\t\t\t<\/span>\n\t\t\t\t\t<\/a>\n\t\t\t\t<\/div>\n\t\t\t\t\t\t\t\t<\/div>\n\t\t\t\t<\/div>\n\t\t\t\t\t<\/div>\n\t\t<\/div>\n\t\t\t\t\t<\/div>\n\t\t<\/section>\n\t\t\t\t<section class=\"elementor-section elementor-top-section elementor-element elementor-element-7d64d5a elementor-section-boxed elementor-section-height-default elementor-section-height-default row-top\" data-id=\"7d64d5a\" data-element_type=\"section\" data-e-type=\"section\">\n\t\t\t\t\t\t<div class=\"elementor-container elementor-column-gap-default\">\n\t\t\t\t\t<div class=\"elementor-column elementor-col-100 elementor-top-column elementor-element elementor-element-58fca5b column-style-top\" data-id=\"58fca5b\" data-element_type=\"column\" data-e-type=\"column\">\n\t\t\t<div class=\"elementor-widget-wrap elementor-element-populated\">\n\t\t\t\t\t\t<div class=\"elementor-element elementor-element-769c70a elementor-widget elementor-widget-gva-services-group\" data-id=\"769c70a\" data-element_type=\"widget\" data-e-type=\"widget\" data-widget_type=\"gva-services-group.default\">\n\t\t\t\t<div class=\"elementor-widget-container\">\n\t\t\t\t\t<div class=\"gva-element-gva-services-group gva-element\">\r\n<div class=\"gsc-services-group layout-grid\">\r\n   <div class=\"lg-block-grid-3 md-block-grid-3 sm-block-grid-2 xs-block-grid-2 xx-block-grid-1\">\r\n               <div class=\"item-columns\">\r\n            \r\n   <div class=\"service-item style-1\">\r\n      <div class=\"service-item-content\">\r\n\t\t\t\r\n\t\t\t\t\t\t\t\t\t\t<h3 class=\"title\"><span>LCA analiza<\/span><\/h3>\r\n\t\t\t\r\n\t\t\t\t\t\t\t<div class=\"desc\">LCA je jedan od klju\u010dnih alata \u201eUpravljanja \u017eivotnim ciklusom\u201c, pomoc\u0301u kojeg vodimo va\u0161u kompaniju na putu ka minimalnim uticajima na \u017eivotnu sredinu i sledimo zahteve va\u0161ih zainteresovanih strana.<\/div>\r\n\t\t\t\r\n\t\t\t\t\t\t<div class=\"service-footer\">\r\n\t\t\t\t\t\t\t\t\t<span class=\"box-icon\">\r\n\t\t\t\t\t\t<i aria-hidden=\"true\" class=\"fas fa-chart-bar\"><\/i>\t\t\t\t\t<\/span>\r\n\t\t\t\t\t\t\t\t\t\t\t<\/div>\r\n\t\t\t\r\n\t\t<\/div>\r\n\t\t<div class=\"service-box-background\"><\/div>\r\n\t\t\t<\/div>\t\t\r\n\t\r\n\r\n\r\n<!-- Style II -->\r\n\t\r\n\r\n<!-- Style III & Style IV -->\r\n\t\r\n\r\n         <\/div>\r\n               <div class=\"item-columns\">\r\n            \r\n   <div class=\"service-item style-1\">\r\n      <div class=\"service-item-content\">\r\n\t\t\t\r\n\t\t\t\t\t\t\t\t\t\t<h3 class=\"title\"><span>EPD proizvoda<\/span><\/h3>\r\n\t\t\t\r\n\t\t\t\t\t\t\t<div class=\"desc\">Deklaracija proizvoda za \u017eivotnu sredinu (EPD\u00ae) je nezavisno verifikovan i registrovan dokument. Koristi se za transparentnu, uporedivu i kredibilnu komunikaciju o uticaju proizvoda ili usluge na \u017eivotnu sredinu. EPD\u00ae je izve\u0161taj, a procena \u017eivotnog ciklusa, LCA, je osnova za njega. <\/div>\r\n\t\t\t\r\n\t\t\t\t\t\t<div class=\"service-footer\">\r\n\t\t\t\t\t\t\t\t\t<span class=\"box-icon\">\r\n\t\t\t\t\t\t<i aria-hidden=\"true\" class=\"fas fa-award\"><\/i>\t\t\t\t\t<\/span>\r\n\t\t\t\t\t\t\t\t\t\t\t<\/div>\r\n\t\t\t\r\n\t\t<\/div>\r\n\t\t<div class=\"service-box-background\"><\/div>\r\n\t\t\t<\/div>\t\t\r\n\t\r\n\r\n\r\n<!-- Style II -->\r\n\t\r\n\r\n<!-- Style III & Style IV -->\r\n\t\r\n\r\n         <\/div>\r\n               <div class=\"item-columns\">\r\n            \r\n   <div class=\"service-item style-1\">\r\n      <div class=\"service-item-content\">\r\n\t\t\t\r\n\t\t\t\t\t\t\t\t\t\t<h3 class=\"title\"><span>Odr\u017eivost \u2013 Nefinansijsko izve\u0161tavanje<\/span><\/h3>\r\n\t\t\t\r\n\t\t\t\t\t\t\t<div class=\"desc\">Z uvedbo nove direktive EU CSRD se bore u krug preduzec\u0301a, koje c\u0301e morati da odaju nefinansijska izve\u0161taja, br\u017ee povec\u0301a. Trajnostno izve\u0161taj podaja informacije o ekonomskim, ekolo\u0161kim, dru\u0161tvenim i upravlja\u010dkim efektima u rezultatima delovanja organizacije.<\/div>\r\n\t\t\t\r\n\t\t\t\t\t\t<div class=\"service-footer\">\r\n\t\t\t\t\t\t\t\t\t<span class=\"box-icon\">\r\n\t\t\t\t\t\t<i aria-hidden=\"true\" class=\"fas fa-file-medical-alt\"><\/i>\t\t\t\t\t<\/span>\r\n\t\t\t\t\t\t\t\t\t\t\t<\/div>\r\n\t\t\t\r\n\t\t<\/div>\r\n\t\t<div class=\"service-box-background\"><\/div>\r\n\t\t\t<\/div>\t\t\r\n\t\r\n\r\n\r\n<!-- Style II -->\r\n\t\r\n\r\n<!-- Style III & Style IV -->\r\n\t\r\n\r\n         <\/div>\r\n               <div class=\"item-columns\">\r\n            \r\n   <div class=\"service-item style-1\">\r\n      <div class=\"service-item-content\">\r\n\t\t\t\r\n\t\t\t\t\t\t\t\t\t\t<h3 class=\"title\"><span>Odr\u017eiva strategija<\/span><\/h3>\r\n\t\t\t\r\n\t\t\t\t\t\t\t<div class=\"desc\">Strategija odr\u017eivosti je sveobuhvatna poslovna strategija. Koji aspekti odr\u017eivosti su nam va\u017eni, kako postaviti strategiju odr\u017eivosti za na\u0161u organizaciju i postic\u0301i preno\u0161enje strategije odr\u017eivosti u organizacionu kulturu.<\/div>\r\n\t\t\t\r\n\t\t\t\t\t\t<div class=\"service-footer\">\r\n\t\t\t\t\t\t\t\t\t<span class=\"box-icon\">\r\n\t\t\t\t\t\t<i aria-hidden=\"true\" class=\"fas fa-chart-line\"><\/i>\t\t\t\t\t<\/span>\r\n\t\t\t\t\t\t\t\t\t\t\t<\/div>\r\n\t\t\t\r\n\t\t<\/div>\r\n\t\t<div class=\"service-box-background\"><\/div>\r\n\t\t\t<\/div>\t\t\r\n\t\r\n\r\n\r\n<!-- Style II -->\r\n\t\r\n\r\n<!-- Style III & Style IV -->\r\n\t\r\n\r\n         <\/div>\r\n               <div class=\"item-columns\">\r\n            \r\n   <div class=\"service-item style-1\">\r\n      <div class=\"service-item-content\">\r\n\t\t\t\r\n\t\t\t\t\t\t\t\t\t\t<h3 class=\"title\"><span> Obrazovanje u podru\u010dju odr\u017eivog razvoja<\/span><\/h3>\r\n\t\t\t\r\n\t\t\t\t\t\t\t<div class=\"desc\">Najve\u0107a prepreka na polju odr\u017eive transformacije poduze\u0107a je znanje. Obrazovanje i obuka za odr\u017eivi razvoj pru\u017ea znanje, svijest i djelovanje koje osna\u017euje ljude da transformiraju sebe i dru\u0161tvo.<\/div>\r\n\t\t\t\r\n\t\t\t\t\t\t<div class=\"service-footer\">\r\n\t\t\t\t\t\t\t\t\t<span class=\"box-icon\">\r\n\t\t\t\t\t\t<i aria-hidden=\"true\" class=\"fas fa-graduation-cap\"><\/i>\t\t\t\t\t<\/span>\r\n\t\t\t\t\t\t\t\t\t\t\t<\/div>\r\n\t\t\t\r\n\t\t<\/div>\r\n\t\t<div class=\"service-box-background\"><\/div>\r\n\t\t\t<\/div>\t\t\r\n\t\r\n\r\n\r\n<!-- Style II -->\r\n\t\r\n\r\n<!-- Style III & Style IV -->\r\n\t\r\n\r\n         <\/div>\r\n               <div class=\"item-columns\">\r\n            \r\n   <div class=\"service-item style-1\">\r\n      <div class=\"service-item-content\">\r\n\t\t\t\r\n\t\t\t\t\t\t\t\t\t\t<h3 class=\"title\"><span>Implementacija digitalnih re\u0161enja za zelenu tranziciju<\/span><\/h3>\r\n\t\t\t\r\n\t\t\t\t\t\t\t<div class=\"desc\">Implementacija odr\u017eivih re\u0161enja po\u010dinje sa obavezujuc\u0301om ambicijom u vrhu kompanije da odr\u017eivi razvoj ostane na vrhu prioriteta, bez obzira na izazove, kao jedan od najva\u017enijih temelja poslovanja kompanije. Izazov i cilj pronala\u017eenja re\u0161enja i implementacije odr\u017eivih tehnolo\u0161kih inovacija je na\u0161e opredeljenje.<\/div>\r\n\t\t\t\r\n\t\t\t\t\t\t<div class=\"service-footer\">\r\n\t\t\t\t\t\t\t\t\t<span class=\"box-icon\">\r\n\t\t\t\t\t\t<i aria-hidden=\"true\" class=\"fas fa-desktop\"><\/i>\t\t\t\t\t<\/span>\r\n\t\t\t\t\t\t\t\t\t\t\t<\/div>\r\n\t\t\t\r\n\t\t<\/div>\r\n\t\t<div class=\"service-box-background\"><\/div>\r\n\t\t\t<\/div>\t\t\r\n\t\r\n\r\n\r\n<!-- Style II -->\r\n\t\r\n\r\n<!-- Style III & Style IV -->\r\n\t\r\n\r\n         <\/div>\r\n         <\/div>   \r\n<\/div>\r\n<\/div>\t\t\t\t<\/div>\n\t\t\t\t<\/div>\n\t\t\t\t\t<\/div>\n\t\t<\/div>\n\t\t\t\t\t<\/div>\n\t\t<\/section>\n\t\t\t\t<\/div>","protected":false},"excerpt":{"rendered":"<p>LINKING MAP Osebni trenerji za Zeleni prehod Skupaj delujemo za trajnostne spremembe, za zeleno in digitalno transformacijo podjetij in opremljamo organizacije za varno in odporno poslovanje v prihodnosti. KONTAKT LCA [&hellip;]<\/p>\n","protected":false},"author":1,"featured_media":0,"parent":0,"menu_order":0,"comment_status":"closed","ping_status":"closed","template":"","meta":{"footnotes":""},"class_list":["post-216","page","type-page","status-publish","hentry"],"_links":{"self":[{"href":"https:\/\/lca-analiza.com\/sr\/wp-json\/wp\/v2\/pages\/216","targetHints":{"allow":["GET"]}}],"collection":[{"href":"https:\/\/lca-analiza.com\/sr\/wp-json\/wp\/v2\/pages"}],"about":[{"href":"https:\/\/lca-analiza.com\/sr\/wp-json\/wp\/v2\/types\/page"}],"author":[{"embeddable":true,"href":"https:\/\/lca-analiza.com\/sr\/wp-json\/wp\/v2\/users\/1"}],"replies":[{"embeddable":true,"href":"https:\/\/lca-analiza.com\/sr\/wp-json\/wp\/v2\/comments?post=216"}],"version-history":[{"count":36,"href":"https:\/\/lca-analiza.com\/sr\/wp-json\/wp\/v2\/pages\/216\/revisions"}],"predecessor-version":[{"id":2293,"href":"https:\/\/lca-analiza.com\/sr\/wp-json\/wp\/v2\/pages\/216\/revisions\/2293"}],"wp:attachment":[{"href":"https:\/\/lca-analiza.com\/sr\/wp-json\/wp\/v2\/media?parent=216"}],"curies":[{"name":"wp","href":"https:\/\/api.w.org\/{rel}","templated":true}]}}