{"id":25,"date":"2020-12-08T03:54:06","date_gmt":"2020-12-08T03:54:06","guid":{"rendered":"https:\/\/gaviaspreview.com\/wp\/qempo\/?page_id=25"},"modified":"2026-01-13T18:15:03","modified_gmt":"2026-01-13T18:15:03","slug":"vesti","status":"publish","type":"page","link":"https:\/\/lca-analiza.com\/sr\/vesti\/","title":{"rendered":"Vesti"},"content":{"rendered":"<div data-elementor-type=\"wp-page\" data-elementor-id=\"25\" class=\"elementor elementor-25\">\n\t\t\t\t\t\t<section class=\"elementor-section elementor-top-section elementor-element elementor-element-24a1cf7 elementor-section-boxed elementor-section-height-default elementor-section-height-default row-top\" data-id=\"24a1cf7\" data-element_type=\"section\" data-e-type=\"section\">\n\t\t\t\t\t\t<div class=\"elementor-container elementor-column-gap-default\">\n\t\t\t\t\t<div class=\"elementor-column elementor-col-100 elementor-top-column elementor-element elementor-element-307a569 column-style-top\" data-id=\"307a569\" data-element_type=\"column\" data-e-type=\"column\">\n\t\t\t<div class=\"elementor-widget-wrap elementor-element-populated\">\n\t\t\t\t\t\t<div class=\"elementor-element elementor-element-5b22a83 elementor-widget elementor-widget-gva-posts\" data-id=\"5b22a83\" data-element_type=\"widget\" data-e-type=\"widget\" data-widget_type=\"gva-posts.default\">\n\t\t\t\t<div class=\"elementor-widget-container\">\n\t\t\t\t\t<div class=\"gva-element-gva-posts gva-element\">\r\n\t<div class=\"gva-posts-carousel gva-posts\" data-filter=\"bcbk\">\r\n\t\t<div class=\"init-carousel-owl owl-carousel\" data-items=\"2\" data-items_lg=\"2\" data-items_md=\"3\" data-items_sm=\"2\" data-items_xs=\"1\" data-items_xx=\"1\" data-loop=\"1\" data-speed=\"800\" data-auto_play=\"1\" data-auto_play_speed=\"800\" data-auto_play_timeout=\"6000\" data-auto_play_hover=\"1\" data-navigation=\"1\" data-pagination=\"1\" data-mouse_drag=\"1\" data-touch_drag=\"1\" >\r\n\t\t\t\r\n<div class=\"all lca-analiza okolje zeleni-prehod\">\r\n   <article id=\"post-2440\" class=\"post post-style-1 post-2440 type-post status-publish format-standard has-post-thumbnail hentry category-lca-analiza category-okolje category-zeleni-prehod\">\r\n      <div class=\"post-thumbnail\">\r\n         <a href=\"https:\/\/lca-analiza.com\/sr\/2024\/12\/18\/ppwr\/\">\r\n            <img fetchpriority=\"high\" decoding=\"async\" width=\"1792\" height=\"1024\" src=\"https:\/\/lca-analiza.com\/wp-content\/uploads\/2024\/12\/DALL\u00b7E-2024-12-18-10.58.00-A-professional-and-informative-cover-photo-for-an-article-on-sustainable-packaging-focusing-on-waste-reduction-and-increased-reuse-in-the-European-Un.webp\" class=\"attachment-full size-full wp-post-image\" alt=\"Trajnostna embala\u017ea: PPWR uredba za manj odpadkov in ve\u010djo reciklabilnost v EU\" srcset=\"https:\/\/lca-analiza.com\/wp-content\/uploads\/2024\/12\/DALL\u00b7E-2024-12-18-10.58.00-A-professional-and-informative-cover-photo-for-an-article-on-sustainable-packaging-focusing-on-waste-reduction-and-increased-reuse-in-the-European-Un.webp 1792w, https:\/\/lca-analiza.com\/wp-content\/uploads\/2024\/12\/DALL\u00b7E-2024-12-18-10.58.00-A-professional-and-informative-cover-photo-for-an-article-on-sustainable-packaging-focusing-on-waste-reduction-and-increased-reuse-in-the-European-Un-1024x585.webp 1024w, https:\/\/lca-analiza.com\/wp-content\/uploads\/2024\/12\/DALL\u00b7E-2024-12-18-10.58.00-A-professional-and-informative-cover-photo-for-an-article-on-sustainable-packaging-focusing-on-waste-reduction-and-increased-reuse-in-the-European-Un-768x439.webp 768w, https:\/\/lca-analiza.com\/wp-content\/uploads\/2024\/12\/DALL\u00b7E-2024-12-18-10.58.00-A-professional-and-informative-cover-photo-for-an-article-on-sustainable-packaging-focusing-on-waste-reduction-and-increased-reuse-in-the-European-Un-18x10.webp 18w\" sizes=\"(max-width: 1792px) 100vw, 1792px\" \/>         <\/a>\r\n      <\/div>   \r\n\r\n      <div class=\"entry-content\">\r\n         <div class=\"content-inner\">\r\n            <div class=\"entry-meta\">\r\n               <div class=\"clearfix meta-inline post-meta-1\"><span class=\"author vcard\"><i class=\"far fa-user-circle\"><\/i>Mitja Krajnc<\/span><\/div>            <\/div> \r\n            <h3 class=\"entry-title\"><a href=\"https:\/\/lca-analiza.com\/sr\/2024\/12\/18\/ppwr\/\" rel=\"bookmark\">Trajnostna embala\u017ea: PPWR uredba za manj odpadkov in ve\u010djo reciklabilnost v EU<\/a><\/h3>\r\n            <div class=\"entry-desc\">Svet EU je 16.12.2025 sprejel nova pravila za zmanj\u0161anje odpadkov zaradi embala\u017ee in pove\u010danje ponovne<\/div>\r\n         <\/div>\r\n      <\/div>\r\n   <\/article>   \r\n<\/div>\r\n\r\n  \r\n<div class=\"all lca-analiza zeleni-prehod\">\r\n   <article id=\"post-2398\" class=\"post post-style-1 post-2398 type-post status-publish format-standard has-post-thumbnail hentry category-lca-analiza category-zeleni-prehod\">\r\n      <div class=\"post-thumbnail\">\r\n         <a href=\"https:\/\/lca-analiza.com\/sr\/2024\/08\/09\/espr\/\">\r\n            <img decoding=\"async\" width=\"1024\" height=\"665\" src=\"https:\/\/lca-analiza.com\/wp-content\/uploads\/2024\/08\/DPP-e1723196308140.jpg\" class=\"attachment-full size-full wp-post-image\" alt=\"Poleg CSRD \u0161e ESPR direktiva &#8211; Uvedba digitalnih potnih listov za izdelke (DPP)\" srcset=\"https:\/\/lca-analiza.com\/wp-content\/uploads\/2024\/08\/DPP-e1723196308140.jpg 1024w, https:\/\/lca-analiza.com\/wp-content\/uploads\/2024\/08\/DPP-e1723196308140-768x499.jpg 768w, https:\/\/lca-analiza.com\/wp-content\/uploads\/2024\/08\/DPP-e1723196308140-18x12.jpg 18w\" sizes=\"(max-width: 1024px) 100vw, 1024px\" \/>         <\/a>\r\n      <\/div>   \r\n\r\n      <div class=\"entry-content\">\r\n         <div class=\"content-inner\">\r\n            <div class=\"entry-meta\">\r\n               <div class=\"clearfix meta-inline post-meta-1\"><span class=\"author vcard\"><i class=\"far fa-user-circle\"><\/i>Mitja Krajnc<\/span><\/div>            <\/div> \r\n            <h3 class=\"entry-title\"><a href=\"https:\/\/lca-analiza.com\/sr\/2024\/08\/09\/espr\/\" rel=\"bookmark\">Poleg CSRD \u0161e ESPR direktiva &#8211; Uvedba digitalnih potnih listov za izdelke (DPP)<\/a><\/h3>\r\n            <div class=\"entry-desc\">18. julija 2024 je EU sprejela zakonodajo o raz\u0161irjeni odgovornosti proizvajalca (ESPR), da bi spodbudila<\/div>\r\n         <\/div>\r\n      <\/div>\r\n   <\/article>   \r\n<\/div>\r\n\r\n  \r\n<div class=\"all csrd-direktiva lca-analiza razpisi\">\r\n   <article id=\"post-2260\" class=\"post post-style-1 post-2260 type-post status-publish format-standard has-post-thumbnail hentry category-csrd-direktiva category-lca-analiza category-razpisi\">\r\n      <div class=\"post-thumbnail\">\r\n         <a href=\"https:\/\/lca-analiza.com\/sr\/2023\/11\/07\/esrs-lca-analiza\/\">\r\n            <img decoding=\"async\" width=\"749\" height=\"415\" src=\"https:\/\/lca-analiza.com\/wp-content\/uploads\/2023\/11\/esrs-figure-1-1302.jpg\" class=\"attachment-full size-full wp-post-image\" alt=\"LCA analiza i ESRS\" srcset=\"https:\/\/lca-analiza.com\/wp-content\/uploads\/2023\/11\/esrs-figure-1-1302.jpg 749w, https:\/\/lca-analiza.com\/wp-content\/uploads\/2023\/11\/esrs-figure-1-1302-18x10.jpg 18w\" sizes=\"(max-width: 749px) 100vw, 749px\" \/>         <\/a>\r\n      <\/div>   \r\n\r\n      <div class=\"entry-content\">\r\n         <div class=\"content-inner\">\r\n            <div class=\"entry-meta\">\r\n               <div class=\"clearfix meta-inline post-meta-1\"><span class=\"author vcard\"><i class=\"far fa-user-circle\"><\/i>\u017diga \u010co\u017e<\/span><\/div>            <\/div> \r\n            <h3 class=\"entry-title\"><a href=\"https:\/\/lca-analiza.com\/sr\/2023\/11\/07\/esrs-lca-analiza\/\" rel=\"bookmark\">LCA analiza i ESRS<\/a><\/h3>\r\n            <div class=\"entry-desc\">Sve vec\u0301i zna\u010daj procene \u017eivotnog ciklusa (LCA) u evoluirajuc\u0301em okru\u017eenju evropskih standarda za izve\u0161tavanje o odr\u017eivosti<\/div>\r\n         <\/div>\r\n      <\/div>\r\n   <\/article>   \r\n<\/div>\r\n\r\n  \r\n<div class=\"all lca-analiza dobavna-veriga programska-oprema trajnostno-porocanje\">\r\n   <article id=\"post-2174\" class=\"post post-style-1 post-2174 type-post status-publish format-standard has-post-thumbnail hentry category-lca-analiza category-dobavna-veriga category-programska-oprema category-trajnostno-porocanje\">\r\n      <div class=\"post-thumbnail\">\r\n         <a href=\"https:\/\/lca-analiza.com\/sr\/2023\/09\/18\/ecoimpact\/\">\r\n            <img loading=\"lazy\" decoding=\"async\" width=\"625\" height=\"421\" src=\"https:\/\/lca-analiza.com\/wp-content\/uploads\/2023\/07\/LCA-program-1.png\" class=\"attachment-full size-full wp-post-image\" alt=\"EcoImpact-ova efikasna i moc\u0301na platforma za odr\u017eivost\" \/>         <\/a>\r\n      <\/div>   \r\n\r\n      <div class=\"entry-content\">\r\n         <div class=\"content-inner\">\r\n            <div class=\"entry-meta\">\r\n               <div class=\"clearfix meta-inline post-meta-1\"><span class=\"author vcard\"><i class=\"far fa-user-circle\"><\/i>Mitja Krajnc<\/span><\/div>            <\/div> \r\n            <h3 class=\"entry-title\"><a href=\"https:\/\/lca-analiza.com\/sr\/2023\/09\/18\/ecoimpact\/\" rel=\"bookmark\">EcoImpact-ova efikasna i moc\u0301na platforma za odr\u017eivost<\/a><\/h3>\r\n            <div class=\"entry-desc\">Traiak-ov EcoImpact softver, kome veruju lideri industrije u razli\u010ditim sektorima, ne samo<\/div>\r\n         <\/div>\r\n      <\/div>\r\n   <\/article>   \r\n<\/div>\r\n\r\n  \r\n<div class=\"all dobavna-veriga lca-analiza zeleni-prehod\">\r\n   <article id=\"post-2129\" class=\"post post-style-1 post-2129 type-post status-publish format-standard has-post-thumbnail hentry category-dobavna-veriga category-lca-analiza category-zeleni-prehod\">\r\n      <div class=\"post-thumbnail\">\r\n         <a href=\"https:\/\/lca-analiza.com\/sr\/2023\/09\/10\/trajnostna-proizvodnja\/\">\r\n            <img loading=\"lazy\" decoding=\"async\" width=\"2560\" height=\"1709\" src=\"https:\/\/lca-analiza.com\/wp-content\/uploads\/2023\/04\/clothes-with-carbon-emission-label-2022-02-04-02-44-22-utc-scaled.jpg\" class=\"attachment-full size-full wp-post-image\" alt=\"Odr\u017eiva proizvodnja i LCA analiza\" srcset=\"https:\/\/lca-analiza.com\/wp-content\/uploads\/2023\/04\/clothes-with-carbon-emission-label-2022-02-04-02-44-22-utc-scaled.jpg 2560w, https:\/\/lca-analiza.com\/wp-content\/uploads\/2023\/04\/clothes-with-carbon-emission-label-2022-02-04-02-44-22-utc-1024x684.jpg 1024w, https:\/\/lca-analiza.com\/wp-content\/uploads\/2023\/04\/clothes-with-carbon-emission-label-2022-02-04-02-44-22-utc-768x513.jpg 768w\" sizes=\"(max-width: 2560px) 100vw, 2560px\" \/>         <\/a>\r\n      <\/div>   \r\n\r\n      <div class=\"entry-content\">\r\n         <div class=\"content-inner\">\r\n            <div class=\"entry-meta\">\r\n               <div class=\"clearfix meta-inline post-meta-1\"><span class=\"author vcard\"><i class=\"far fa-user-circle\"><\/i>Mitja Krajnc<\/span><\/div>            <\/div> \r\n            <h3 class=\"entry-title\"><a href=\"https:\/\/lca-analiza.com\/sr\/2023\/09\/10\/trajnostna-proizvodnja\/\" rel=\"bookmark\">Odr\u017eiva proizvodnja i LCA analiza<\/a><\/h3>\r\n            <div class=\"entry-desc\">Analiza \u017eivotnog ciklusa (LCA) postala je klju\u010dno sredstvo za procenu uticaja proizvoda na \u017eivotnu sredinu tokom njihovog \u017eivotnog ciklusa<\/div>\r\n         <\/div>\r\n      <\/div>\r\n   <\/article>   \r\n<\/div>\r\n\r\n  \r\n<div class=\"all csrd-direktiva lca-analiza razpisi\">\r\n   <article id=\"post-2113\" class=\"post post-style-1 post-2113 type-post status-publish format-standard has-post-thumbnail hentry category-csrd-direktiva category-lca-analiza category-razpisi\">\r\n      <div class=\"post-thumbnail\">\r\n         <a href=\"https:\/\/lca-analiza.com\/sr\/2023\/09\/05\/csrd-lca-analiza\/\">\r\n            <img loading=\"lazy\" decoding=\"async\" width=\"640\" height=\"367\" src=\"https:\/\/lca-analiza.com\/wp-content\/uploads\/2023\/09\/csrd.png\" class=\"attachment-full size-full wp-post-image\" alt=\"CSRD direktiva i uloga LCA analize\" srcset=\"https:\/\/lca-analiza.com\/wp-content\/uploads\/2023\/09\/csrd.png 640w, https:\/\/lca-analiza.com\/wp-content\/uploads\/2023\/09\/csrd-18x10.png 18w\" sizes=\"(max-width: 640px) 100vw, 640px\" \/>         <\/a>\r\n      <\/div>   \r\n\r\n      <div class=\"entry-content\">\r\n         <div class=\"content-inner\">\r\n            <div class=\"entry-meta\">\r\n               <div class=\"clearfix meta-inline post-meta-1\"><span class=\"author vcard\"><i class=\"far fa-user-circle\"><\/i>\u017diga \u010co\u017e<\/span><\/div>            <\/div> \r\n            <h3 class=\"entry-title\"><a href=\"https:\/\/lca-analiza.com\/sr\/2023\/09\/05\/csrd-lca-analiza\/\" rel=\"bookmark\">CSRD direktiva i uloga LCA analize<\/a><\/h3>\r\n            <div class=\"entry-desc\">CSRD direktiva i uloga LCA analize. U ovom \u010dlanku c\u0301emo istra\u017eiti CSRD direktivu, ic\u0301i dublje<\/div>\r\n         <\/div>\r\n      <\/div>\r\n   <\/article>   \r\n<\/div>\r\n\r\n  \r\n<div class=\"all lca-analiza r-d razpisi\">\r\n   <article id=\"post-2107\" class=\"post post-style-1 post-2107 type-post status-publish format-standard has-post-thumbnail hentry category-lca-analiza category-r-d category-razpisi tag-integracija-erp tag-lca-analiza\">\r\n      <div class=\"post-thumbnail\">\r\n         <a href=\"https:\/\/lca-analiza.com\/sr\/2023\/08\/30\/lca-znotraj-podjetja\/\">\r\n            <img loading=\"lazy\" decoding=\"async\" width=\"2560\" height=\"1582\" src=\"https:\/\/lca-analiza.com\/wp-content\/uploads\/2021\/04\/business-links-and-relationship-2022-01-10-20-02-16-utc-scaled.jpg\" class=\"attachment-full size-full wp-post-image\" alt=\"Pristup LCA analizi brzo i lako unutar kompanije\" srcset=\"https:\/\/lca-analiza.com\/wp-content\/uploads\/2021\/04\/business-links-and-relationship-2022-01-10-20-02-16-utc-scaled.jpg 2560w, https:\/\/lca-analiza.com\/wp-content\/uploads\/2021\/04\/business-links-and-relationship-2022-01-10-20-02-16-utc-1024x633.jpg 1024w, https:\/\/lca-analiza.com\/wp-content\/uploads\/2021\/04\/business-links-and-relationship-2022-01-10-20-02-16-utc-768x475.jpg 768w\" sizes=\"(max-width: 2560px) 100vw, 2560px\" \/>         <\/a>\r\n      <\/div>   \r\n\r\n      <div class=\"entry-content\">\r\n         <div class=\"content-inner\">\r\n            <div class=\"entry-meta\">\r\n               <div class=\"clearfix meta-inline post-meta-1\"><span class=\"author vcard\"><i class=\"far fa-user-circle\"><\/i>\u017diga \u010co\u017e<\/span><\/div>            <\/div> \r\n            <h3 class=\"entry-title\"><a href=\"https:\/\/lca-analiza.com\/sr\/2023\/08\/30\/lca-znotraj-podjetja\/\" rel=\"bookmark\">Pristup LCA analizi brzo i lako unutar kompanije<\/a><\/h3>\r\n            <div class=\"entry-desc\">Da bi integrisale odr\u017eivost u svoje poslovanje, kompanije sve vi\u0161e imaju koristi od integracije LCA softvera<\/div>\r\n         <\/div>\r\n      <\/div>\r\n   <\/article>   \r\n<\/div>\r\n\r\n  \r\n<div class=\"all lca-analiza branding\">\r\n   <article id=\"post-1943\" class=\"post post-style-1 post-1943 type-post status-publish format-standard has-post-thumbnail hentry category-lca-analiza category-branding\">\r\n      <div class=\"post-thumbnail\">\r\n         <a href=\"https:\/\/lca-analiza.com\/sr\/2023\/07\/15\/branding\/\">\r\n            <img loading=\"lazy\" decoding=\"async\" width=\"2560\" height=\"1707\" src=\"https:\/\/lca-analiza.com\/wp-content\/uploads\/2023\/04\/data-analysis-and-statistics-at-board-meeting-2021-08-30-02-19-38-utc-scaled.jpg\" class=\"attachment-full size-full wp-post-image\" alt=\"Pobolj\u0161anje reputacije i imid\u017ea brenda pomoc\u0301u LCA analize\" srcset=\"https:\/\/lca-analiza.com\/wp-content\/uploads\/2023\/04\/data-analysis-and-statistics-at-board-meeting-2021-08-30-02-19-38-utc-scaled.jpg 2560w, https:\/\/lca-analiza.com\/wp-content\/uploads\/2023\/04\/data-analysis-and-statistics-at-board-meeting-2021-08-30-02-19-38-utc-1024x683.jpg 1024w, https:\/\/lca-analiza.com\/wp-content\/uploads\/2023\/04\/data-analysis-and-statistics-at-board-meeting-2021-08-30-02-19-38-utc-768x512.jpg 768w\" sizes=\"(max-width: 2560px) 100vw, 2560px\" \/>         <\/a>\r\n      <\/div>   \r\n\r\n      <div class=\"entry-content\">\r\n         <div class=\"content-inner\">\r\n            <div class=\"entry-meta\">\r\n               <div class=\"clearfix meta-inline post-meta-1\"><span class=\"author vcard\"><i class=\"far fa-user-circle\"><\/i>\u017diga \u010co\u017e<\/span><\/div>            <\/div> \r\n            <h3 class=\"entry-title\"><a href=\"https:\/\/lca-analiza.com\/sr\/2023\/07\/15\/branding\/\" rel=\"bookmark\">Pobolj\u0161anje reputacije i imid\u017ea brenda pomoc\u0301u LCA analize<\/a><\/h3>\r\n            <div class=\"entry-desc\">Ovaj \u010dlanak opisuje kako LCA analiza mo\u017ee pomoc\u0301i u pobolj\u0161anju reputacije i imid\u017ea brenda<\/div>\r\n         <\/div>\r\n      <\/div>\r\n   <\/article>   \r\n<\/div>\r\n\r\n  \r\n<div class=\"all lca-analiza okolje\">\r\n   <article id=\"post-1942\" class=\"post post-style-1 post-1942 type-post status-publish format-standard has-post-thumbnail hentry category-lca-analiza category-okolje\">\r\n      <div class=\"post-thumbnail\">\r\n         <a href=\"https:\/\/lca-analiza.com\/sr\/2023\/07\/15\/okoljske-izboljsave\/\">\r\n            <img loading=\"lazy\" decoding=\"async\" width=\"2560\" height=\"1707\" src=\"https:\/\/lca-analiza.com\/wp-content\/uploads\/2023\/07\/business-consulting-meeting-working-and-brainstorm-2022-10-19-05-05-55-utc-scaled.jpg\" class=\"attachment-full size-full wp-post-image\" alt=\"LCA analiza za pobolj\u0161anje \u017eivotne sredine\" srcset=\"https:\/\/lca-analiza.com\/wp-content\/uploads\/2023\/07\/business-consulting-meeting-working-and-brainstorm-2022-10-19-05-05-55-utc-scaled.jpg 2560w, https:\/\/lca-analiza.com\/wp-content\/uploads\/2023\/07\/business-consulting-meeting-working-and-brainstorm-2022-10-19-05-05-55-utc-1024x683.jpg 1024w, https:\/\/lca-analiza.com\/wp-content\/uploads\/2023\/07\/business-consulting-meeting-working-and-brainstorm-2022-10-19-05-05-55-utc-768x512.jpg 768w\" sizes=\"(max-width: 2560px) 100vw, 2560px\" \/>         <\/a>\r\n      <\/div>   \r\n\r\n      <div class=\"entry-content\">\r\n         <div class=\"content-inner\">\r\n            <div class=\"entry-meta\">\r\n               <div class=\"clearfix meta-inline post-meta-1\"><span class=\"author vcard\"><i class=\"far fa-user-circle\"><\/i>Mitja Krajnc<\/span><\/div>            <\/div> \r\n            <h3 class=\"entry-title\"><a href=\"https:\/\/lca-analiza.com\/sr\/2023\/07\/15\/okoljske-izboljsave\/\" rel=\"bookmark\">LCA analiza za pobolj\u0161anje \u017eivotne sredine<\/a><\/h3>\r\n            <div class=\"entry-desc\">Kori\u0161c\u0301enje LCA analize za postizanje ekolo\u0161kih pobolj\u0161anja proizvoda i usluga i kori\u0161c\u0301enje ovih informacija u<\/div>\r\n         <\/div>\r\n      <\/div>\r\n   <\/article>   \r\n<\/div>\r\n\r\n  \r\n<div class=\"all lca-analiza financiranje razpisi\">\r\n   <article id=\"post-1941\" class=\"post post-style-1 post-1941 type-post status-publish format-standard has-post-thumbnail hentry category-lca-analiza category-financiranje category-razpisi\">\r\n      <div class=\"post-thumbnail\">\r\n         <a href=\"https:\/\/lca-analiza.com\/sr\/2023\/07\/15\/eu-razpisi\/\">\r\n            <img loading=\"lazy\" decoding=\"async\" width=\"2560\" height=\"1707\" src=\"https:\/\/lca-analiza.com\/wp-content\/uploads\/2023\/04\/letter-board-with-text-reduce-your-carbon-footprin-2022-06-07-16-43-21-utc-1-scaled.jpg\" class=\"attachment-full size-full wp-post-image\" alt=\"Dodatni bodovi za tendere EU\" srcset=\"https:\/\/lca-analiza.com\/wp-content\/uploads\/2023\/04\/letter-board-with-text-reduce-your-carbon-footprin-2022-06-07-16-43-21-utc-1-scaled.jpg 2560w, https:\/\/lca-analiza.com\/wp-content\/uploads\/2023\/04\/letter-board-with-text-reduce-your-carbon-footprin-2022-06-07-16-43-21-utc-1-1024x683.jpg 1024w, https:\/\/lca-analiza.com\/wp-content\/uploads\/2023\/04\/letter-board-with-text-reduce-your-carbon-footprin-2022-06-07-16-43-21-utc-1-768x512.jpg 768w\" sizes=\"(max-width: 2560px) 100vw, 2560px\" \/>         <\/a>\r\n      <\/div>   \r\n\r\n      <div class=\"entry-content\">\r\n         <div class=\"content-inner\">\r\n            <div class=\"entry-meta\">\r\n               <div class=\"clearfix meta-inline post-meta-1\"><span class=\"author vcard\"><i class=\"far fa-user-circle\"><\/i>Mitja Krajnc<\/span><\/div>            <\/div> \r\n            <h3 class=\"entry-title\"><a href=\"https:\/\/lca-analiza.com\/sr\/2023\/07\/15\/eu-razpisi\/\" rel=\"bookmark\">Dodatni bodovi za tendere EU<\/a><\/h3>\r\n            <div class=\"entry-desc\">Pored banaka, evropski tenderi sve vi\u0161e vode ra\u010duna o odr\u017eivoj praksi kompanija.<\/div>\r\n         <\/div>\r\n      <\/div>\r\n   <\/article>   \r\n<\/div>\r\n\r\n  \r\n<div class=\"all lca-analiza financiranje\">\r\n   <article id=\"post-47\" class=\"post post-style-1 post-47 type-post status-publish format-standard has-post-thumbnail hentry category-lca-analiza category-financiranje\">\r\n      <div class=\"post-thumbnail\">\r\n         <a href=\"https:\/\/lca-analiza.com\/sr\/2023\/07\/14\/financiranje-bank-2\/\">\r\n            <img loading=\"lazy\" decoding=\"async\" width=\"2560\" height=\"1467\" src=\"https:\/\/lca-analiza.com\/wp-content\/uploads\/2023\/04\/aerial-view-of-business-data-analysis-graph-2022-09-16-08-04-04-utc-scaled.jpg\" class=\"attachment-full size-full wp-post-image\" alt=\"LCA analiza i zeleno finansiranje\" srcset=\"https:\/\/lca-analiza.com\/wp-content\/uploads\/2023\/04\/aerial-view-of-business-data-analysis-graph-2022-09-16-08-04-04-utc-scaled.jpg 2560w, https:\/\/lca-analiza.com\/wp-content\/uploads\/2023\/04\/aerial-view-of-business-data-analysis-graph-2022-09-16-08-04-04-utc-1024x587.jpg 1024w, https:\/\/lca-analiza.com\/wp-content\/uploads\/2023\/04\/aerial-view-of-business-data-analysis-graph-2022-09-16-08-04-04-utc-768x440.jpg 768w\" sizes=\"(max-width: 2560px) 100vw, 2560px\" \/>         <\/a>\r\n      <\/div>   \r\n\r\n      <div class=\"entry-content\">\r\n         <div class=\"content-inner\">\r\n            <div class=\"entry-meta\">\r\n               <div class=\"clearfix meta-inline post-meta-1\"><span class=\"author vcard\"><i class=\"far fa-user-circle\"><\/i>Mitja Krajnc<\/span><\/div>            <\/div> \r\n            <h3 class=\"entry-title\"><a href=\"https:\/\/lca-analiza.com\/sr\/2023\/07\/14\/financiranje-bank-2\/\" rel=\"bookmark\">LCA analiza i zeleno finansiranje<\/a><\/h3>\r\n            <div class=\"entry-desc\">Ovaj \u010dlanak opisuje kako LCA analiza uti\u010de na dobijanje finansiranja od banaka<\/div>\r\n         <\/div>\r\n      <\/div>\r\n   <\/article>   \r\n<\/div>\r\n\r\n  \t\t<\/div>\r\n\t<\/div>\r\n  <\/div>\t\t\t\t<\/div>\n\t\t\t\t<\/div>\n\t\t\t\t\t<\/div>\n\t\t<\/div>\n\t\t\t\t\t<\/div>\n\t\t<\/section>\n\t\t\t\t<\/div>","protected":false},"excerpt":{"rendered":"<p>Mitja Krajnc U\u010dinkovita in zmogljiva trajnostna platforma EcoImpact Trayakova programska oprema, ki ji zaupajo vodilni v industriji v razli\u010dnih sektorjih, ne le krepi Mitja Krajnc Trajnostna Proizvodnja in LCA Analiza [&hellip;]<\/p>\n","protected":false},"author":1,"featured_media":0,"parent":0,"menu_order":0,"comment_status":"closed","ping_status":"closed","template":"","meta":{"footnotes":""},"class_list":["post-25","page","type-page","status-publish","hentry"],"_links":{"self":[{"href":"https:\/\/lca-analiza.com\/sr\/wp-json\/wp\/v2\/pages\/25","targetHints":{"allow":["GET"]}}],"collection":[{"href":"https:\/\/lca-analiza.com\/sr\/wp-json\/wp\/v2\/pages"}],"about":[{"href":"https:\/\/lca-analiza.com\/sr\/wp-json\/wp\/v2\/types\/page"}],"author":[{"embeddable":true,"href":"https:\/\/lca-analiza.com\/sr\/wp-json\/wp\/v2\/users\/1"}],"replies":[{"embeddable":true,"href":"https:\/\/lca-analiza.com\/sr\/wp-json\/wp\/v2\/comments?post=25"}],"version-history":[{"count":36,"href":"https:\/\/lca-analiza.com\/sr\/wp-json\/wp\/v2\/pages\/25\/revisions"}],"predecessor-version":[{"id":2256,"href":"https:\/\/lca-analiza.com\/sr\/wp-json\/wp\/v2\/pages\/25\/revisions\/2256"}],"wp:attachment":[{"href":"https:\/\/lca-analiza.com\/sr\/wp-json\/wp\/v2\/media?parent=25"}],"curies":[{"name":"wp","href":"https:\/\/api.w.org\/{rel}","templated":true}]}}