{"id":27,"date":"2020-12-08T03:54:25","date_gmt":"2020-12-08T03:54:25","guid":{"rendered":"https:\/\/gaviaspreview.com\/wp\/qempo\/?page_id=27"},"modified":"2026-01-13T18:14:34","modified_gmt":"2026-01-13T18:14:34","slug":"kontakt","status":"publish","type":"page","link":"https:\/\/lca-analiza.com\/sr\/kontakt\/","title":{"rendered":"Kontakt"},"content":{"rendered":"\t\t<div data-elementor-type=\"wp-page\" data-elementor-id=\"27\" class=\"elementor elementor-27\">\n\t\t\t\t\t\t<section class=\"elementor-section elementor-top-section elementor-element elementor-element-b0f0be1 elementor-section-full_width elementor-section-height-default elementor-section-height-default row-top\" data-id=\"b0f0be1\" data-element_type=\"section\" data-e-type=\"section\">\n\t\t\t\t\t\t<div class=\"elementor-container elementor-column-gap-default\">\n\t\t\t\t\t<div class=\"elementor-column elementor-col-100 elementor-top-column elementor-element elementor-element-c653e44 column-style-top\" data-id=\"c653e44\" data-element_type=\"column\" data-e-type=\"column\">\n\t\t\t<div class=\"elementor-widget-wrap elementor-element-populated\">\n\t\t\t\t\t\t<div class=\"elementor-element elementor-element-b1d8d98 elementor-widget elementor-widget-google_maps\" data-id=\"b1d8d98\" data-element_type=\"widget\" data-e-type=\"widget\" data-widget_type=\"google_maps.default\">\n\t\t\t\t<div class=\"elementor-widget-container\">\n\t\t\t\t\t\t\t<div class=\"elementor-custom-embed\">\n\t\t\t<iframe loading=\"lazy\"\n\t\t\t\t\tsrc=\"https:\/\/maps.google.com\/maps?q=LINKING%20MAP%20d.o.o.%2C%20Kongresni%20trg%208%2C%20Ljubljana&#038;t=m&#038;z=16&#038;output=embed&#038;iwloc=near\"\n\t\t\t\t\ttitle=\"LINKING MAP d.o.o., Kongresni trg 8, Ljubljana\"\n\t\t\t\t\taria-label=\"LINKING MAP d.o.o., Kongresni trg 8, Ljubljana\"\n\t\t\t><\/iframe>\n\t\t<\/div>\n\t\t\t\t\t\t<\/div>\n\t\t\t\t<\/div>\n\t\t\t\t\t<\/div>\n\t\t<\/div>\n\t\t\t\t\t<\/div>\n\t\t<\/section>\n\t\t\t\t<section class=\"elementor-section elementor-top-section elementor-element elementor-element-b2db8da elementor-section-boxed elementor-section-height-default elementor-section-height-default row-top\" data-id=\"b2db8da\" data-element_type=\"section\" data-e-type=\"section\">\n\t\t\t\t\t\t<div class=\"elementor-container elementor-column-gap-no\">\n\t\t\t\t\t<div class=\"elementor-column elementor-col-100 elementor-top-column elementor-element elementor-element-b211c8d column-style-top\" data-id=\"b211c8d\" data-element_type=\"column\" data-e-type=\"column\">\n\t\t\t<div class=\"elementor-widget-wrap elementor-element-populated\">\n\t\t\t\t\t\t<section class=\"elementor-section elementor-inner-section elementor-element elementor-element-2eb54e6 elementor-section-boxed elementor-section-height-default elementor-section-height-default row-top\" data-id=\"2eb54e6\" data-element_type=\"section\" data-e-type=\"section\">\n\t\t\t\t\t\t<div class=\"elementor-container elementor-column-gap-no\">\n\t\t\t\t\t<div class=\"elementor-column elementor-col-50 elementor-inner-column elementor-element elementor-element-f71996d column-style-top\" data-id=\"f71996d\" data-element_type=\"column\" data-e-type=\"column\" data-settings=\"{&quot;background_background&quot;:&quot;classic&quot;}\">\n\t\t\t<div class=\"elementor-widget-wrap elementor-element-populated\">\n\t\t\t\t\t\t<div class=\"elementor-element elementor-element-024f96d elementor-widget elementor-widget-image\" data-id=\"024f96d\" data-element_type=\"widget\" data-e-type=\"widget\" data-widget_type=\"image.default\">\n\t\t\t\t<div class=\"elementor-widget-container\">\n\t\t\t\t\t\t\t\t\t\t\t\t\t\t\t<img decoding=\"async\" width=\"102\" height=\"100\" src=\"https:\/\/lca-analiza.com\/wp-content\/uploads\/2021\/07\/icon-9.png\" class=\"attachment-full size-full wp-image-1055\" alt=\"\" \/>\t\t\t\t\t\t\t\t\t\t\t\t\t\t\t<\/div>\n\t\t\t\t<\/div>\n\t\t\t\t<div class=\"elementor-element elementor-element-2bfdc7b elementor-widget-divider--view-line elementor-widget elementor-widget-divider\" data-id=\"2bfdc7b\" data-element_type=\"widget\" data-e-type=\"widget\" data-widget_type=\"divider.default\">\n\t\t\t\t<div class=\"elementor-widget-container\">\n\t\t\t\t\t\t\t<div class=\"elementor-divider\">\n\t\t\t<span class=\"elementor-divider-separator\">\n\t\t\t\t\t\t<\/span>\n\t\t<\/div>\n\t\t\t\t\t\t<\/div>\n\t\t\t\t<\/div>\n\t\t\t\t<div class=\"elementor-element elementor-element-4d635d4 elementor-widget elementor-widget-icon-box\" data-id=\"4d635d4\" data-element_type=\"widget\" data-e-type=\"widget\" data-widget_type=\"icon-box.default\">\n\t\t\t\t<div class=\"elementor-widget-container\">\n\t\t\t\t\t\t\t<div class=\"elementor-icon-box-wrapper\">\n\n\t\t\t\n\t\t\t\t\t\t<div class=\"elementor-icon-box-content\">\n\n\t\t\t\t\t\t\t\t\t<h3 class=\"elementor-icon-box-title\">\n\t\t\t\t\t\t<span  >\n\t\t\t\t\t\t\tNASLOV\t\t\t\t\t\t<\/span>\n\t\t\t\t\t<\/h3>\n\t\t\t\t\n\t\t\t\t\t\t\t\t\t<p class=\"elementor-icon-box-description\">\n\t\t\t\t\t\tLINKING MAP d.o.o., Kongresni trg 8, 1000 Ljubljana, Slovenija\t\t\t\t\t<\/p>\n\t\t\t\t\n\t\t\t<\/div>\n\t\t\t\n\t\t<\/div>\n\t\t\t\t\t\t<\/div>\n\t\t\t\t<\/div>\n\t\t\t\t\t<\/div>\n\t\t<\/div>\n\t\t\t\t<div class=\"elementor-column elementor-col-50 elementor-inner-column elementor-element elementor-element-f7ad2fd column-style-top\" data-id=\"f7ad2fd\" data-element_type=\"column\" data-e-type=\"column\" data-settings=\"{&quot;background_background&quot;:&quot;classic&quot;}\">\n\t\t\t<div class=\"elementor-widget-wrap elementor-element-populated\">\n\t\t\t\t\t\t<div class=\"elementor-element elementor-element-925c76a elementor-widget elementor-widget-image\" data-id=\"925c76a\" data-element_type=\"widget\" data-e-type=\"widget\" data-widget_type=\"image.default\">\n\t\t\t\t<div class=\"elementor-widget-container\">\n\t\t\t\t\t\t\t\t\t\t\t\t\t\t\t<img decoding=\"async\" width=\"107\" height=\"100\" src=\"https:\/\/lca-analiza.com\/wp-content\/uploads\/2021\/07\/icon-10.png\" class=\"attachment-full size-full wp-image-1056\" alt=\"\" \/>\t\t\t\t\t\t\t\t\t\t\t\t\t\t\t<\/div>\n\t\t\t\t<\/div>\n\t\t\t\t<div class=\"elementor-element elementor-element-34fbd8a elementor-widget-divider--view-line elementor-widget elementor-widget-divider\" data-id=\"34fbd8a\" data-element_type=\"widget\" data-e-type=\"widget\" data-widget_type=\"divider.default\">\n\t\t\t\t<div class=\"elementor-widget-container\">\n\t\t\t\t\t\t\t<div class=\"elementor-divider\">\n\t\t\t<span class=\"elementor-divider-separator\">\n\t\t\t\t\t\t<\/span>\n\t\t<\/div>\n\t\t\t\t\t\t<\/div>\n\t\t\t\t<\/div>\n\t\t\t\t<div class=\"elementor-element elementor-element-b2979d0 elementor-widget elementor-widget-icon-box\" data-id=\"b2979d0\" data-element_type=\"widget\" data-e-type=\"widget\" data-widget_type=\"icon-box.default\">\n\t\t\t\t<div class=\"elementor-widget-container\">\n\t\t\t\t\t\t\t<div class=\"elementor-icon-box-wrapper\">\n\n\t\t\t\n\t\t\t\t\t\t<div class=\"elementor-icon-box-content\">\n\n\t\t\t\t\t\t\t\t\t<h3 class=\"elementor-icon-box-title\">\n\t\t\t\t\t\t<span  >\n\t\t\t\t\t\t\tE-MAIL\t\t\t\t\t\t<\/span>\n\t\t\t\t\t<\/h3>\n\t\t\t\t\n\t\t\t\t\t\t\t\t\t<p class=\"elementor-icon-box-description\">\n\t\t\t\t\t\tinfo@linking-map.com\t\t\t\t\t<\/p>\n\t\t\t\t\n\t\t\t<\/div>\n\t\t\t\n\t\t<\/div>\n\t\t\t\t\t\t<\/div>\n\t\t\t\t<\/div>\n\t\t\t\t\t<\/div>\n\t\t<\/div>\n\t\t\t\t\t<\/div>\n\t\t<\/section>\n\t\t\t\t\t<\/div>\n\t\t<\/div>\n\t\t\t\t\t<\/div>\n\t\t<\/section>\n\t\t\t\t<section class=\"elementor-section elementor-top-section elementor-element elementor-element-0df7c04 elementor-section-boxed elementor-section-height-default elementor-section-height-default row-top\" data-id=\"0df7c04\" data-element_type=\"section\" data-e-type=\"section\">\n\t\t\t\t\t\t<div class=\"elementor-container elementor-column-gap-default\">\n\t\t\t\t\t<div class=\"elementor-column elementor-col-16 elementor-top-column elementor-element elementor-element-6382079 column-style-top\" data-id=\"6382079\" data-element_type=\"column\" data-e-type=\"column\">\n\t\t\t<div class=\"elementor-widget-wrap\">\n\t\t\t\t\t\t\t<\/div>\n\t\t<\/div>\n\t\t\t\t<div class=\"elementor-column elementor-col-66 elementor-top-column elementor-element elementor-element-87bee72 column-style-top\" data-id=\"87bee72\" data-element_type=\"column\" data-e-type=\"column\">\n\t\t\t<div class=\"elementor-widget-wrap elementor-element-populated\">\n\t\t\t\t\t\t<div class=\"elementor-element elementor-element-8005c45 elementor-widget elementor-widget-gva-heading-block\" data-id=\"8005c45\" data-element_type=\"widget\" data-e-type=\"widget\" data-widget_type=\"gva-heading-block.default\">\n\t\t\t\t<div class=\"elementor-widget-container\">\n\t\t\t\t\t<div class=\"gva-element-gva-heading-block gva-element\">      <div class=\"align-left style-1 widget gsc-heading box-align-left auto-responsive\">\r\n      <div class=\"content-inner\">\r\n         \r\n                  \r\n           \r\n         \r\n                     <h2 class=\"title\">\r\n               <span>Kontaktni obrazec<\/span>\r\n            <\/h2>\r\n                              <div class=\"title-desc\">Za ve\u010d informacij glede LCA analiz, Trajnostnega poro\u010danja in programske re\u0161itve za mala, srednja in velika podjetja.<\/div>\r\n         \r\n         \r\n      <\/div>\r\n   <\/div>\r\n   \r\n    <\/div>\t\t\t\t<\/div>\n\t\t\t\t<\/div>\n\t\t\t\t\t<\/div>\n\t\t<\/div>\n\t\t\t\t<div class=\"elementor-column elementor-col-16 elementor-top-column elementor-element elementor-element-f6eb37c column-style-top\" data-id=\"f6eb37c\" data-element_type=\"column\" data-e-type=\"column\">\n\t\t\t<div class=\"elementor-widget-wrap\">\n\t\t\t\t\t\t\t<\/div>\n\t\t<\/div>\n\t\t\t\t\t<\/div>\n\t\t<\/section>\n\t\t\t\t<section class=\"elementor-section elementor-top-section elementor-element elementor-element-293bd66 elementor-section-boxed elementor-section-height-default elementor-section-height-default row-top\" data-id=\"293bd66\" data-element_type=\"section\" data-e-type=\"section\">\n\t\t\t\t\t\t<div class=\"elementor-container elementor-column-gap-default\">\n\t\t\t\t\t<div class=\"elementor-column elementor-col-16 elementor-top-column elementor-element elementor-element-a113bec column-style-top\" data-id=\"a113bec\" data-element_type=\"column\" data-e-type=\"column\">\n\t\t\t<div class=\"elementor-widget-wrap\">\n\t\t\t\t\t\t\t<\/div>\n\t\t<\/div>\n\t\t\t\t<div class=\"elementor-column elementor-col-66 elementor-top-column elementor-element elementor-element-6886fdf column-style-top\" data-id=\"6886fdf\" data-element_type=\"column\" data-e-type=\"column\">\n\t\t\t<div class=\"elementor-widget-wrap elementor-element-populated\">\n\t\t\t\t\t\t<div class=\"elementor-element elementor-element-0662787 elementor-widget elementor-widget-wpforms\" data-id=\"0662787\" data-element_type=\"widget\" data-e-type=\"widget\" data-widget_type=\"wpforms.default\">\n\t\t\t\t<div class=\"elementor-widget-container\">\n\t\t\t\t\t<div class=\"wpforms-container wpforms-container-full wpforms-render-modern\" id=\"wpforms-2193\"><form id=\"wpforms-form-2193\" class=\"wpforms-validate wpforms-form wpforms-ajax-form\" data-formid=\"2193\" method=\"post\" enctype=\"multipart\/form-data\" action=\"\/sr\/wp-json\/wp\/v2\/pages\/27\" data-token=\"4a9f12e1efe9a29b7219c29c83a0a8c4\" data-token-time=\"1776872585\"><noscript class=\"wpforms-error-noscript\">Please enable JavaScript in your browser to complete this form.<\/noscript><div id=\"wpforms-error-noscript\" style=\"display: none;\">Please enable JavaScript in your browser to complete this form.<\/div><div class=\"wpforms-field-container\"><div id=\"wpforms-2193-field_0-container\" class=\"wpforms-field wpforms-field-name\" data-field-id=\"0\"><label class=\"wpforms-field-label\" for=\"wpforms-2193-field_0\">Ime in Priimek <span class=\"wpforms-required-label\" aria-hidden=\"true\">*<\/span><\/label><input type=\"text\" id=\"wpforms-2193-field_0\" class=\"wpforms-field-medium wpforms-field-required\" name=\"wpforms[fields][0]\" aria-errormessage=\"wpforms-2193-field_0-error\" required><\/div><div id=\"wpforms-2193-field_5-container\" class=\"wpforms-field wpforms-field-text\" data-field-id=\"5\"><label class=\"wpforms-field-label\" for=\"wpforms-2193-field_5\">Naziv podjetja<\/label><input type=\"text\" id=\"wpforms-2193-field_5\" class=\"wpforms-field-medium\" name=\"wpforms[fields][5]\" aria-errormessage=\"wpforms-2193-field_5-error\" ><\/div><div id=\"wpforms-2193-field_1-container\" class=\"wpforms-field wpforms-field-email\" data-field-id=\"1\"><label class=\"wpforms-field-label\" for=\"wpforms-2193-field_1\">Email <span class=\"wpforms-required-label\" aria-hidden=\"true\">*<\/span><\/label><input type=\"email\" id=\"wpforms-2193-field_1\" class=\"wpforms-field-medium wpforms-field-required\" name=\"wpforms[fields][1]\" spellcheck=\"false\" aria-errormessage=\"wpforms-2193-field_1-error\" required><\/div><div id=\"wpforms-2193-field_13-container\" class=\"wpforms-field wpforms-field-number\" data-field-id=\"13\"><label class=\"wpforms-field-label\" for=\"wpforms-2193-field_13\">Kontaktna \u0161tevilka<\/label><input type=\"number\" id=\"wpforms-2193-field_13\" class=\"wpforms-field-medium\" name=\"wpforms[fields][13]\" step=\"any\" aria-errormessage=\"wpforms-2193-field_13-error\" ><\/div><div id=\"wpforms-2193-field_12-container\" class=\"wpforms-field wpforms-field-checkbox\" data-field-id=\"12\"><fieldset><legend class=\"wpforms-field-label\">Katere storitve vas zanimajo?<\/legend><ul id=\"wpforms-2193-field_12\"><li class=\"choice-6 depth-1\"><input type=\"checkbox\" id=\"wpforms-2193-field_12_6\" name=\"wpforms[fields][12][]\" value=\"Izdelava LCA izdelka\" aria-errormessage=\"wpforms-2193-field_12_6-error\"  ><label class=\"wpforms-field-label-inline\" for=\"wpforms-2193-field_12_6\">Izdelava LCA izdelka<\/label><\/li><li class=\"choice-7 depth-1\"><input type=\"checkbox\" id=\"wpforms-2193-field_12_7\" name=\"wpforms[fields][12][]\" value=\"Izdelava EPD izdelka\" aria-errormessage=\"wpforms-2193-field_12_7-error\"  ><label class=\"wpforms-field-label-inline\" for=\"wpforms-2193-field_12_7\">Izdelava EPD izdelka<\/label><\/li><li class=\"choice-8 depth-1\"><input type=\"checkbox\" id=\"wpforms-2193-field_12_8\" name=\"wpforms[fields][12][]\" value=\"Priprava na DPP izdelka\" aria-errormessage=\"wpforms-2193-field_12_8-error\"  ><label class=\"wpforms-field-label-inline\" for=\"wpforms-2193-field_12_8\">Priprava na DPP izdelka<\/label><\/li><li class=\"choice-2 depth-1\"><input type=\"checkbox\" id=\"wpforms-2193-field_12_2\" name=\"wpforms[fields][12][]\" value=\"Nakup licence programa za samostojno trajnostno analitiko\" aria-errormessage=\"wpforms-2193-field_12_2-error\"  ><label class=\"wpforms-field-label-inline\" for=\"wpforms-2193-field_12_2\">Nakup licence programa za samostojno trajnostno analitiko<\/label><\/li><li class=\"choice-3 depth-1\"><input type=\"checkbox\" id=\"wpforms-2193-field_12_3\" name=\"wpforms[fields][12][]\" value=\"Integracija programa z ERP za &quot;real-time&quot; trajnostno analitiko\" aria-errormessage=\"wpforms-2193-field_12_3-error\"  ><label class=\"wpforms-field-label-inline\" for=\"wpforms-2193-field_12_3\">Integracija programa z ERP za \"real-time\" trajnostno analitiko<\/label><\/li><li class=\"choice-1 depth-1\"><input type=\"checkbox\" id=\"wpforms-2193-field_12_1\" name=\"wpforms[fields][12][]\" value=\"Izdelava trajnostne strategije podjetja\" aria-errormessage=\"wpforms-2193-field_12_1-error\"  ><label class=\"wpforms-field-label-inline\" for=\"wpforms-2193-field_12_1\">Izdelava trajnostne strategije podjetja<\/label><\/li><li class=\"choice-4 depth-1\"><input type=\"checkbox\" id=\"wpforms-2193-field_12_4\" name=\"wpforms[fields][12][]\" value=\"Izdelava trajnostnega poro\u010dila podjetja\" aria-errormessage=\"wpforms-2193-field_12_4-error\"  ><label class=\"wpforms-field-label-inline\" for=\"wpforms-2193-field_12_4\">Izdelava trajnostnega poro\u010dila podjetja<\/label><\/li><li class=\"choice-5 depth-1\"><input type=\"checkbox\" id=\"wpforms-2193-field_12_5\" name=\"wpforms[fields][12][]\" value=\"Nakup licence programa za trajnostno upravljanje in poro\u010danje\" aria-errormessage=\"wpforms-2193-field_12_5-error\"  ><label class=\"wpforms-field-label-inline\" for=\"wpforms-2193-field_12_5\">Nakup licence programa za trajnostno upravljanje in poro\u010danje<\/label><\/li><\/ul><\/fieldset><\/div><div id=\"wpforms-2193-field_2-container\" class=\"wpforms-field wpforms-field-textarea\" data-field-id=\"2\"><label class=\"wpforms-field-label\" for=\"wpforms-2193-field_2\">Dodatna vpra\u0161anja in komentarji:<\/label><textarea id=\"wpforms-2193-field_2\" class=\"wpforms-field-medium\" name=\"wpforms[fields][2]\" aria-errormessage=\"wpforms-2193-field_2-error\" ><\/textarea><\/div><\/div><!-- .wpforms-field-container --><div class=\"wpforms-recaptcha-container wpforms-is-recaptcha wpforms-is-recaptcha-type-v2\" ><div class=\"g-recaptcha\" data-sitekey=\"6LeU_FQoAAAAAAiz7dB3thDUvHz3b9a96FjJyrwS\"><\/div><input type=\"text\" name=\"g-recaptcha-hidden\" class=\"wpforms-recaptcha-hidden\" style=\"position:absolute!important;clip:rect(0,0,0,0)!important;height:1px!important;width:1px!important;border:0!important;overflow:hidden!important;padding:0!important;margin:0!important;\" data-rule-recaptcha=\"1\"><\/div><div class=\"wpforms-submit-container\" ><input type=\"hidden\" name=\"wpforms[id]\" value=\"2193\"><input type=\"hidden\" name=\"page_title\" value=\"\"><input type=\"hidden\" name=\"page_url\" value=\"https:\/\/lca-analiza.com\/sr\/wp-json\/wp\/v2\/pages\/27\"><input type=\"hidden\" name=\"url_referer\" value=\"\"><button type=\"submit\" name=\"wpforms[submit]\" id=\"wpforms-submit-2193\" class=\"wpforms-submit\" data-alt-text=\"Po\u0161iljam...\" data-submit-text=\"Po\u0161lji\" aria-live=\"assertive\" value=\"wpforms-submit\">Po\u0161lji<\/button><img decoding=\"async\" src=\"https:\/\/lca-analiza.com\/wp-content\/plugins\/wpforms-lite\/assets\/images\/submit-spin.svg\" class=\"wpforms-submit-spinner\" style=\"display: none;\" width=\"26\" height=\"26\" alt=\"Loading\"><\/div><\/form><\/div>  <!-- .wpforms-container -->\t\t\t\t<\/div>\n\t\t\t\t<\/div>\n\t\t\t\t\t<\/div>\n\t\t<\/div>\n\t\t\t\t<div class=\"elementor-column elementor-col-16 elementor-top-column elementor-element elementor-element-15c0848 column-style-top\" data-id=\"15c0848\" data-element_type=\"column\" data-e-type=\"column\">\n\t\t\t<div class=\"elementor-widget-wrap\">\n\t\t\t\t\t\t\t<\/div>\n\t\t<\/div>\n\t\t\t\t\t<\/div>\n\t\t<\/section>\n\t\t\t\t<\/div>\n\t\t","protected":false},"excerpt":{"rendered":"<p>NASLOV LINKING MAP d.o.o., Kongresni trg 8, 1000 Ljubljana, Slovenija E-MAIL info@linking-map.com Kontaktni obrazec Za ve\u010d informacij glede LCA analiz, Trajnostnega poro\u010danja in programske re\u0161itve za mala, srednja in velika [&hellip;]<\/p>\n","protected":false},"author":1,"featured_media":0,"parent":0,"menu_order":0,"comment_status":"closed","ping_status":"closed","template":"","meta":{"footnotes":""},"class_list":["post-27","page","type-page","status-publish","hentry"],"_links":{"self":[{"href":"https:\/\/lca-analiza.com\/sr\/wp-json\/wp\/v2\/pages\/27","targetHints":{"allow":["GET"]}}],"collection":[{"href":"https:\/\/lca-analiza.com\/sr\/wp-json\/wp\/v2\/pages"}],"about":[{"href":"https:\/\/lca-analiza.com\/sr\/wp-json\/wp\/v2\/types\/page"}],"author":[{"embeddable":true,"href":"https:\/\/lca-analiza.com\/sr\/wp-json\/wp\/v2\/users\/1"}],"replies":[{"embeddable":true,"href":"https:\/\/lca-analiza.com\/sr\/wp-json\/wp\/v2\/comments?post=27"}],"version-history":[{"count":34,"href":"https:\/\/lca-analiza.com\/sr\/wp-json\/wp\/v2\/pages\/27\/revisions"}],"predecessor-version":[{"id":2513,"href":"https:\/\/lca-analiza.com\/sr\/wp-json\/wp\/v2\/pages\/27\/revisions\/2513"}],"wp:attachment":[{"href":"https:\/\/lca-analiza.com\/sr\/wp-json\/wp\/v2\/media?parent=27"}],"curies":[{"name":"wp","href":"https:\/\/api.w.org\/{rel}","templated":true}]}}